{"id":21,"date":"2015-04-11T17:22:58","date_gmt":"2015-04-11T17:22:58","guid":{"rendered":"http:\/\/ninetheme.com\/themes\/church\/?page_id=21"},"modified":"2020-09-09T10:55:54","modified_gmt":"2020-09-09T14:55:54","slug":"frontpage","status":"publish","type":"page","link":"https:\/\/www.atelierfspn.ca\/","title":{"rendered":"Frontpage"},"content":{"rendered":"<div class=\"wpb-content-wrapper\"><p>[vc_row full_width=\u00a0\u00bbstretch_row\u00a0\u00bb][vc_column css=\u00a0\u00bb.vc_custom_1473502173836{margin-bottom: -35px !important;}\u00a0\u00bb][rev_slider_vc alias=\u00a0\u00bbclassicslider1&Prime;][\/vc_column][\/vc_row][vc_row full_width=\u00a0\u00bbstretch_row\u00a0\u00bb css=\u00a0\u00bb.vc_custom_1558105456155{padding-top: 5px !important;padding-bottom: 15px !important;background-color: #f7c639 !important;}\u00a0\u00bb][vc_column][vc_row_inner][vc_column_inner width=\u00a0\u00bb2\/3&Prime; css=\u00a0\u00bb.vc_custom_1441028461314{margin-top: -10px !important;}\u00a0\u00bb]<style scope>#highlighted1.section-headings {color: #ffffff}<\/style><h5 id=\"5\" class=\"white-color section-headings\">Votre soutien est essentiel. Faites un don.<\/h5>[\/vc_column_inner][vc_column_inner width=\u00a0\u00bb1\/3&Prime;][vc_btn title=\u00a0\u00bbContribuez!\u00a0\u00bb style=\u00a0\u00bboutline-custom\u00a0\u00bb outline_custom_color=\u00a0\u00bb#ffffff\u00a0\u00bb outline_custom_hover_background=\u00a0\u00bb#e5d390&Prime; outline_custom_hover_text=\u00a0\u00bb#ffffff\u00a0\u00bb size=\u00a0\u00bbsm\u00a0\u00bb align=\u00a0\u00bbcenter\u00a0\u00bb i_align=\u00a0\u00bbright\u00a0\u00bb i_icon_fontawesome=\u00a0\u00bbfa fa-angle-right\u00a0\u00bb add_icon=\u00a0\u00bbtrue\u00a0\u00bb link=\u00a0\u00bburl:https%3A%2F%2Fwww.canadahelps.org%2Ffr%2Fdn%2F31620||target:%20_blank|\u00a0\u00bb][\/vc_column_inner][\/vc_row_inner][\/vc_column][\/vc_row][vc_row full_width=\u00a0\u00bbstretch_row\u00a0\u00bb css=\u00a0\u00bb.vc_custom_1558470206581{background-color: #ffffff !important;}\u00a0\u00bb][vc_column][vc_row_inner css=\u00a0\u00bb.vc_custom_1558026739005{background-color: #ffffff !important;}\u00a0\u00bb][vc_column_inner width=\u00a0\u00bb1\/2&Prime; css=\u00a0\u00bb.vc_custom_1558470864822{border-right-width: 1px !important;padding-right: 30px !important;padding-left: 30px !important;background-color: #ffffff !important;border-right-color: #ffffff !important;}\u00a0\u00bb][vc_column_text css=\u00a0\u00bb.vc_custom_1575900142059{padding-right: 15px !important;padding-left: 15px !important;background-color: #ffffff !important;}\u00a0\u00bb]<\/p>\n<h5 class=\"uppercase\" style=\"text-align: center;\"><span style=\"color: #7e8897;\">Qui sommes nous?<\/span><\/h5>\n<p style=\"text-align: left;\">L\u2019Atelier de formation socioprofessionnelle de la Petite-Nation (Atelier FSPN) est un organisme communautaire autonome, de bienfaisance et sans but lucratif, qui vise \u00e0 favoriser le d\u00e9veloppement et l\u2019int\u00e9gration socioprofessionnelle de la personne pr\u00e9sentant une d\u00e9ficience intellectuelle, un probl\u00e8me de sant\u00e9 mentale ou un handicap physique.<\/p>\n<p>[\/vc_column_text][\/vc_column_inner][vc_column_inner width=\u00a0\u00bb1\/2&Prime;][vc_column_text css=\u00a0\u00bb.vc_custom_1558470881466{padding-right: 15px !important;padding-left: 15px !important;background-color: #ffffff !important;}\u00a0\u00bb]<\/p>\n<h5 class=\"uppercase\" style=\"text-align: center;\"><span style=\"color: #7e8897;\">Nos objectifs<\/span><\/h5>\n<ul>\n<li>Assurer une formation socioprofessionnelle adapt\u00e9e aux besoins;<\/li>\n<li>Contrer l\u2019isolement en permettant de se retrouver dans des ateliers r\u00e9pondant \u00e0 leurs besoins;<\/li>\n<li>Augmenter l\u2019autonomie donnant des responsabilit\u00e9s \u00e0 leur mesure;<\/li>\n<li>S\u2019assurer que les personnes aient acc\u00e8s aux services dont elles ont besoin et droit.<\/li>\n<\/ul>\n<p>[\/vc_column_text][\/vc_column_inner][\/vc_row_inner][vc_row_inner css=\u00a0\u00bb.vc_custom_1558026739005{background-color: #ffffff !important;}\u00a0\u00bb][vc_column_inner width=\u00a0\u00bb1\/2&Prime; css=\u00a0\u00bb.vc_custom_1558470873453{border-right-width: 1px !important;padding-right: 30px !important;padding-left: 30px !important;background-color: #ffffff !important;border-right-color: #ffffff !important;}\u00a0\u00bb][vc_column_text css=\u00a0\u00bb.vc_custom_1558470948593{padding-right: 15px !important;padding-left: 15px !important;background-color: #ffffff !important;}\u00a0\u00bb]<\/p>\n<h5 class=\"uppercase\" style=\"text-align: center;\"><span style=\"color: #7e8897;\">Nos programmes<\/span><\/h5>\n<p style=\"font-weight: 400;\">Nos programmes de d\u00e9veloppement en employabilit\u00e9 et les activit\u00e9s de notre centre de jour visent \u00e0 amener les participants sur le chemin du succ\u00e8s, que ce soit par le d\u00e9veloppement des habilet\u00e9s personnelles et sociales ou par le biais d&rsquo;ateliers adapt\u00e9s aux besoins de notre client\u00e8le.<\/p>\n<p>[\/vc_column_text][\/vc_column_inner][vc_column_inner width=\u00a0\u00bb1\/2&Prime;][vc_column_text css=\u00a0\u00bb.vc_custom_1575900821839{padding-right: 15px !important;padding-left: 15px !important;background-color: #ffffff !important;}\u00a0\u00bb]<\/p>\n<h5 class=\"uppercase\" style=\"text-align: center;\"><span style=\"color: #7e8897;\">Notre mission<\/span><\/h5>\n<p>&nbsp;<\/p>\n<p>Offrir des services de formation et d\u2019aide \u00e0 l\u2019emploi aux personnes pr\u00e9sentant un diagnostic de sant\u00e9 mentale, de d\u00e9ficience intellectuelle, du trouble du spectre de l\u2019autisme et d\u2019une limitation fonctionnelle, afin de r\u00e9pondre \u00e0 leur besoin d\u2019int\u00e9gration sociale, professionnelle et physique.<\/p>\n<ul>\n<li>Offrir aux personnes ayant un handicap une formation socioprofessionnelle adapt\u00e9e \u00e0 leurs besoins;<\/li>\n<li>Offrir des services d\u2019aide \u00e0 l\u2019emploi;<\/li>\n<li>Promouvoir l\u2019int\u00e9gration sociale et professionnelle;<\/li>\n<li>Augmenter leur autonomie en leur donnant des responsabilit\u00e9s \u00e0 leur mesure;<\/li>\n<li>Contrer leur isolement en leur permettant de se retrouver dans des ateliers r\u00e9pondant \u00e0 leurs besoins;<\/li>\n<li>S\u2019assurer \u00e0 ce qu\u2019elles aient acc\u00e8s aux services dont elles ont besoin et auxquels elles ont droit.<\/li>\n<\/ul>\n<p>[\/vc_column_text][\/vc_column_inner][\/vc_row_inner][\/vc_column][\/vc_row][vc_row full_width=\u00a0\u00bbstretch_row\u00a0\u00bb css=\u00a0\u00bb.vc_custom_1558037378695{background-color: #ffffff !important;}\u00a0\u00bb][vc_column] <div id=\"milestone\" class=\"milestone\"><div class=\"container_off\"><div class=\"row_off\"><div class=\"col-lg-9 col-lg-offset-2 text-center\"> <div class=\"row\"><div class=\"fact col-xs-12 col-md-6 col-sm-6 col-lg-3\"><h6 class=\"timer\" data-to=\"3950\" data-speed=\"3000\"><\/h6><p>ateliers d'apprentissage et de d\u00e9veloppement des comp\u00e9tences<\/p><div class=\"i_container\"><i class=\"fa fa-book\"><\/i><\/div><\/div><div class=\"fact col-xs-12 col-md-6 col-sm-6 col-lg-3\"><h6 class=\"timer\" data-to=\"46\" data-speed=\"3000\"><\/h6><p>semaines d'activit\u00e9s par ann\u00e9e<\/p><div class=\"i_container\"><i class=\"fa fa-calendar\"><\/i><\/div><\/div><div class=\"fact col-xs-12 col-md-6 col-sm-6 col-lg-3\"><h6 class=\"timer\" data-to=\"6846\" data-speed=\"3000\"><\/h6><p>heures d'enseignement et de prestation de services directs<\/p><div class=\"i_container\"><i class=\"fa fa-clock-o\"><\/i><\/div><\/div><div class=\"fact col-xs-12 col-md-6 col-sm-6 col-lg-3\"><h6 class=\"timer\" data-to=\"1740\" data-speed=\"3000\"><\/h6><p>heures de planification et formation pour le personnel<\/p><div class=\"i_container\"><i class=\"fa fa-graduation-cap\"><\/i><\/div><\/div> <\/div><\/div><\/div> <\/div><\/div>[\/vc_column][\/vc_row][vc_row][vc_column width=\u00a0\u00bb1\/6&Prime;][vc_single_image image=\u00a0\u00bb1555&Prime; img_size=\u00a0\u00bbfull\u00a0\u00bb alignment=\u00a0\u00bbcenter\u00a0\u00bb onclick=\u00a0\u00bbcustom_link\u00a0\u00bb img_link_target=\u00a0\u00bb_blank\u00a0\u00bb link=\u00a0\u00bbhttps:\/\/www.quebec.ca\/\u00a0\u00bb][\/vc_column][vc_column width=\u00a0\u00bb1\/6&Prime;][vc_single_image image=\u00a0\u00bb1551&Prime; img_size=\u00a0\u00bbfull\u00a0\u00bb alignment=\u00a0\u00bbcenter\u00a0\u00bb onclick=\u00a0\u00bbcustom_link\u00a0\u00bb img_link_target=\u00a0\u00bb_blank\u00a0\u00bb link=\u00a0\u00bbhttps:\/\/cisss-outaouais.gouv.qc.ca\/\u00a0\u00bb][\/vc_column][vc_column width=\u00a0\u00bb1\/6&Prime;][vc_single_image image=\u00a0\u00bb1731&Prime; img_size=\u00a0\u00bbfull\u00a0\u00bb alignment=\u00a0\u00bbcenter\u00a0\u00bb onclick=\u00a0\u00bbcustom_link\u00a0\u00bb img_link_target=\u00a0\u00bb_blank\u00a0\u00bb link=\u00a0\u00bbhttps:\/\/centraideoutaouais.com\/fr\u00a0\u00bb][\/vc_column][vc_column width=\u00a0\u00bb1\/6&Prime;][vc_single_image image=\u00a0\u00bb1554&Prime; img_size=\u00a0\u00bbfull\u00a0\u00bb alignment=\u00a0\u00bbcenter\u00a0\u00bb onclick=\u00a0\u00bbcustom_link\u00a0\u00bb img_link_target=\u00a0\u00bb_blank\u00a0\u00bb link=\u00a0\u00bbhttps:\/\/www.urlso.qc.ca\/\u00a0\u00bb][\/vc_column][vc_column width=\u00a0\u00bb1\/6&Prime;][vc_single_image image=\u00a0\u00bb1552&Prime; img_size=\u00a0\u00bbfull\u00a0\u00bb alignment=\u00a0\u00bbcenter\u00a0\u00bb onclick=\u00a0\u00bbcustom_link\u00a0\u00bb img_link_target=\u00a0\u00bb_blank\u00a0\u00bb link=\u00a0\u00bbhttps:\/\/www.cscv.qc.ca\/\u00a0\u00bb][\/vc_column][vc_column width=\u00a0\u00bb1\/6&Prime;][vc_single_image image=\u00a0\u00bb1553&Prime; img_size=\u00a0\u00bbfull\u00a0\u00bb alignment=\u00a0\u00bbcenter\u00a0\u00bb onclick=\u00a0\u00bbcustom_link\u00a0\u00bb img_link_target=\u00a0\u00bb_blank\u00a0\u00bb link=\u00a0\u00bbhttps:\/\/www.facebook.com\/kamae.standreavellin\u00a0\u00bb][\/vc_column][\/vc_row]<\/p>\n<\/div>","protected":false},"excerpt":{"rendered":"<p>[vc_row full_width=\u00a0\u00bbstretch_row\u00a0\u00bb][vc_column css=\u00a0\u00bb.vc_custom_1473502173836{margin-bottom: -35px !important;}\u00a0\u00bb][rev_slider_vc alias=\u00a0\u00bbclassicslider1&Prime;][\/vc_column][\/vc_row][vc_row full_width=\u00a0\u00bbstretch_row\u00a0\u00bb css=\u00a0\u00bb.vc_custom_1558105456155{padding-top: 5px !important;padding-bottom: 15px !important;background-color: #f7c639 !important;}\u00a0\u00bb][vc_column][vc_row_inner][vc_column_inner width=\u00a0\u00bb2\/3&Prime; css=\u00a0\u00bb.vc_custom_1441028461314{margin-top: -10px !important;}\u00a0\u00bb][\/vc_column_inner][vc_column_inner width=\u00a0\u00bb1\/3&Prime;][vc_btn title=\u00a0\u00bbContribuez!\u00a0\u00bb style=\u00a0\u00bboutline-custom\u00a0\u00bb outline_custom_color=\u00a0\u00bb#ffffff\u00a0\u00bb outline_custom_hover_background=\u00a0\u00bb#e5d390&Prime; outline_custom_hover_text=\u00a0\u00bb#ffffff\u00a0\u00bb size=\u00a0\u00bbsm\u00a0\u00bb align=\u00a0\u00bbcenter\u00a0\u00bb i_align=\u00a0\u00bbright\u00a0\u00bb i_icon_fontawesome=\u00a0\u00bbfa fa-angle-right\u00a0\u00bb add_icon=\u00a0\u00bbtrue\u00a0\u00bb [&hellip;]<\/p>\n","protected":false},"author":1,"featured_media":0,"parent":0,"menu_order":0,"comment_status":"open","ping_status":"open","template":"frontpage.php","meta":{"footnotes":""},"class_list":["post-21","page","type-page","status-publish","hentry"],"_links":{"self":[{"href":"https:\/\/www.atelierfspn.ca\/index.php\/wp-json\/wp\/v2\/pages\/21","targetHints":{"allow":["GET"]}}],"collection":[{"href":"https:\/\/www.atelierfspn.ca\/index.php\/wp-json\/wp\/v2\/pages"}],"about":[{"href":"https:\/\/www.atelierfspn.ca\/index.php\/wp-json\/wp\/v2\/types\/page"}],"author":[{"embeddable":true,"href":"https:\/\/www.atelierfspn.ca\/index.php\/wp-json\/wp\/v2\/users\/1"}],"replies":[{"embeddable":true,"href":"https:\/\/www.atelierfspn.ca\/index.php\/wp-json\/wp\/v2\/comments?post=21"}],"version-history":[{"count":28,"href":"https:\/\/www.atelierfspn.ca\/index.php\/wp-json\/wp\/v2\/pages\/21\/revisions"}],"predecessor-version":[{"id":1737,"href":"https:\/\/www.atelierfspn.ca\/index.php\/wp-json\/wp\/v2\/pages\/21\/revisions\/1737"}],"wp:attachment":[{"href":"https:\/\/www.atelierfspn.ca\/index.php\/wp-json\/wp\/v2\/media?parent=21"}],"curies":[{"name":"wp","href":"https:\/\/api.w.org\/{rel}","templated":true}]}}